{"id":36822,"date":"2022-04-16T13:28:38","date_gmt":"2022-04-16T10:28:38","guid":{"rendered":"https:\/\/ultimatebeauty.ee\/%d0%b0%d0%ba%d1%82%d0%b8%d0%b2%d0%bd%d1%8b%d0%b5-%d0%b2%d0%b5%d1%89%d0%b5%d1%81%d1%82%d0%b2%d0%b0\/"},"modified":"2023-03-24T13:01:00","modified_gmt":"2023-03-24T11:01:00","slug":"%d0%b0%d0%ba%d1%82%d0%b8%d0%b2%d0%bd%d1%8b%d0%b5-%d0%b2%d0%b5%d1%89%d0%b5%d1%81%d1%82%d0%b2%d0%b0","status":"publish","type":"page","link":"https:\/\/ultimatebeauty.ee\/ru\/%d0%b0%d0%ba%d1%82%d0%b8%d0%b2%d0%bd%d1%8b%d0%b5-%d0%b2%d0%b5%d1%89%d0%b5%d1%81%d1%82%d0%b2%d0%b0\/","title":{"rendered":"\u0410\u043a\u0442\u0438\u0432\u043d\u044b\u0435 \u0432\u0435\u0449\u0435\u0441\u0442\u0432\u0430"},"content":{"rendered":"\t\t<div data-elementor-type=\"wp-page\" data-elementor-id=\"36822\" class=\"elementor elementor-36822 elementor-21702\" data-elementor-settings=\"{&quot;ha_cmc_init_switcher&quot;:&quot;no&quot;}\" data-elementor-post-type=\"page\">\n\t\t\t\t\t\t<section class=\"elementor-section elementor-top-section elementor-element elementor-element-ae613be elementor-section-boxed elementor-section-height-default elementor-section-height-default\" data-id=\"ae613be\" data-element_type=\"section\" data-e-type=\"section\">\n\t\t\t\t\t\t<div class=\"elementor-container elementor-column-gap-default\">\n\t\t\t\t\t<div class=\"elementor-column elementor-col-100 elementor-top-column elementor-element elementor-element-0a34ed5\" data-id=\"0a34ed5\" data-element_type=\"column\" data-e-type=\"column\">\n\t\t\t<div class=\"elementor-widget-wrap elementor-element-populated\">\n\t\t\t\t\t\t<div class=\"elementor-element elementor-element-e81a8e8 elementor-widget elementor-widget-heading\" data-id=\"e81a8e8\" data-element_type=\"widget\" data-e-type=\"widget\" data-widget_type=\"heading.default\">\n\t\t\t\t<div class=\"elementor-widget-container\">\n\t\t\t\t\t<h2 class=\"elementor-heading-title elementor-size-default\">\u0410\u043a\u0442\u0438\u0432\u043d\u044b\u0435 \u0432\u0435\u0449\u0435\u0441\u0442\u0432\u0430<\/h2>\t\t\t\t<\/div>\n\t\t\t\t<\/div>\n\t\t\t\t<div class=\"elementor-element elementor-element-b8874df text-center wd-nav-product-cat-wrap wd-width-100 elementor-widget elementor-widget-wd_product_categories\" data-id=\"b8874df\" data-element_type=\"widget\" data-e-type=\"widget\" data-widget_type=\"wd_product_categories.default\">\n\t\t\t\t<div class=\"elementor-widget-container\">\n\t\t\t\t\t\t\t\t\n\t\t\t\n\t\t\t<ul class=\"wd-nav-product-cat wd-active wd-nav wd-gap-m wd-style-underline hasno-product-count\" >\n\t\t\t\t\t\t\t\t\t\t\t\t\t\t<li class=\"cat-item cat-item-197 \"><a class=\"category-nav-link\" href=\"https:\/\/ultimatebeauty.ee\/ru\/tootekategooria\/%d0%b2%d0%b8%d1%82%d0%b0%d0%bc%d0%b8%d0%bd-c\/\" ><span class=\"nav-link-summary\"><span class=\"nav-link-text\">\u0412\u0438\u0442\u0430\u043c\u0438\u043d C<\/span><\/span><\/a>\n<\/li>\n\t<li class=\"cat-item cat-item-180 \"><a class=\"category-nav-link\" href=\"https:\/\/ultimatebeauty.ee\/ru\/tootekategooria\/%d0%b2%d0%b8%d1%82%d0%b0%d0%bc%d0%b8%d0%bd-%d0%b4\/\" ><span class=\"nav-link-summary\"><span class=\"nav-link-text\">\u0412\u0438\u0442\u0430\u043c\u0438\u043d \u0414<\/span><\/span><\/a>\n<\/li>\n\t<li class=\"cat-item cat-item-198 \"><a class=\"category-nav-link\" href=\"https:\/\/ultimatebeauty.ee\/ru\/tootekategooria\/%d0%b3%d0%b8%d0%b0%d0%bb%d1%83%d1%80%d0%be%d0%bd%d0%be%d0%b2%d0%b0%d1%8f-%d0%ba%d0%b8%d1%81%d0%bb%d0%be%d1%82%d0%b0\/\" ><span class=\"nav-link-summary\"><span class=\"nav-link-text\">\u0413\u0438\u0430\u043b\u0443\u0440\u043e\u043d\u043e\u0432\u0430\u044f \u043a\u0438\u0441\u043b\u043e\u0442\u0430<\/span><\/span><\/a>\n<\/li>\n\t<li class=\"cat-item cat-item-207 \"><a class=\"category-nav-link\" href=\"https:\/\/ultimatebeauty.ee\/ru\/tootekategooria\/%d0%b6%d0%b5%d0%bb%d0%b5%d0%b7%d0%be\/\" ><span class=\"nav-link-summary\"><span class=\"nav-link-text\">\u0416\u0435\u043b\u0435\u0437\u043e<\/span><\/span><\/a>\n<\/li>\n\t<li class=\"cat-item cat-item-204 \"><a class=\"category-nav-link\" href=\"https:\/\/ultimatebeauty.ee\/ru\/tootekategooria\/%d0%b6%d0%b5%d0%bd%d1%8c%d1%88%d0%b5%d0%bd%d1%8c\/\" ><span class=\"nav-link-summary\"><span class=\"nav-link-text\">\u0416\u0435\u043d\u044c\u0448\u0435\u043d\u044c<\/span><\/span><\/a>\n<\/li>\n\t<li class=\"cat-item cat-item-212 \"><a class=\"category-nav-link\" href=\"https:\/\/ultimatebeauty.ee\/ru\/tootekategooria\/%d0%ba%d0%b0%d0%bb%d1%8c%d1%86%d0%b8%d0%b9\/\" ><span class=\"nav-link-summary\"><span class=\"nav-link-text\">\u041a\u0430\u043b\u044c\u0446\u0438\u0439<\/span><\/span><\/a>\n<\/li>\n\t<li class=\"cat-item cat-item-184 \"><a class=\"category-nav-link\" href=\"https:\/\/ultimatebeauty.ee\/ru\/tootekategooria\/%d0%ba%d0%b5%d1%80%d0%b0%d1%82%d0%b8%d0%bd\/\" ><span class=\"nav-link-summary\"><span class=\"nav-link-text\">\u041a\u0435\u0440\u0430\u0442\u0438\u043d<\/span><\/span><\/a>\n<\/li>\n\t<li class=\"cat-item cat-item-210 \"><a class=\"category-nav-link\" href=\"https:\/\/ultimatebeauty.ee\/ru\/tootekategooria\/%d0%ba%d0%b5%d1%82%d0%be%d0%bd%d1%8b-%d0%bc%d0%b0%d0%bb%d0%b8%d0%bd%d1%8b\/\" ><span class=\"nav-link-summary\"><span class=\"nav-link-text\">\u041a\u0435\u0442\u043e\u043d\u044b \u043c\u0430\u043b\u0438\u043d\u044b<\/span><\/span><\/a>\n<\/li>\n\t<li class=\"cat-item cat-item-192 \"><a class=\"category-nav-link\" href=\"https:\/\/ultimatebeauty.ee\/ru\/tootekategooria\/%d0%ba%d0%be%d0%bb%d0%bb%d0%b0%d0%b3%d0%b5%d0%bd\/\" ><span class=\"nav-link-summary\"><span class=\"nav-link-text\">\u041a\u043e\u043b\u043b\u0430\u0433\u0435\u043d<\/span><\/span><\/a>\n<\/li>\n\t<li class=\"cat-item cat-item-199 \"><a class=\"category-nav-link\" href=\"https:\/\/ultimatebeauty.ee\/ru\/tootekategooria\/%d0%ba%d0%be%d1%8d%d0%bd%d0%b7%d0%b8%d0%bc-q10\/\" ><span class=\"nav-link-summary\"><span class=\"nav-link-text\">\u041a\u043e\u044d\u043d\u0437\u0438\u043c Q10<\/span><\/span><\/a>\n<\/li>\n\t<li class=\"cat-item cat-item-208 \"><a class=\"category-nav-link\" href=\"https:\/\/ultimatebeauty.ee\/ru\/tootekategooria\/%d0%ba%d1%83%d1%80%d0%ba%d1%83%d0%bc%d0%b0\/\" ><span class=\"nav-link-summary\"><span class=\"nav-link-text\">\u041a\u0443\u0440\u043a\u0443\u043c\u0430<\/span><\/span><\/a>\n<\/li>\n\t<li class=\"cat-item cat-item-201 \"><a class=\"category-nav-link\" href=\"https:\/\/ultimatebeauty.ee\/ru\/tootekategooria\/%d0%bb%d0%b8%d0%bf%d0%be%d1%81%d0%be%d0%bc%d0%b0%d0%bb%d1%8c%d0%bd%d0%b0%d1%8f-%d1%82%d0%b5%d1%85%d0%bd%d0%be%d0%bb%d0%be%d0%b3%d0%b8%d1%8f\/\" ><span class=\"nav-link-summary\"><span class=\"nav-link-text\">\u041b\u0438\u043f\u043e\u0441\u043e\u043c\u0430\u043b\u044c\u043d\u0430\u044f \u0442\u0435\u0445\u043d\u043e\u043b\u043e\u0433\u0438\u044f<\/span><\/span><\/a>\n<\/li>\n\t<li class=\"cat-item cat-item-200 \"><a class=\"category-nav-link\" href=\"https:\/\/ultimatebeauty.ee\/ru\/tootekategooria\/%d0%bc%d0%b0%d0%b3%d0%bd%d0%b8%d0%b9\/\" ><span class=\"nav-link-summary\"><span class=\"nav-link-text\">\u041c\u0430\u0433\u043d\u0438\u0439<\/span><\/span><\/a>\n<\/li>\n\t<li class=\"cat-item cat-item-178 \"><a class=\"category-nav-link\" href=\"https:\/\/ultimatebeauty.ee\/ru\/tootekategooria\/%d0%bc%d0%b5%d0%bb%d0%b0%d0%bd%d0%b8%d0%bd\/\" ><span class=\"nav-link-summary\"><span class=\"nav-link-text\">\u041c\u0435\u043b\u0430\u043d\u0438\u043d<\/span><\/span><\/a>\n<\/li>\n\t<li class=\"cat-item cat-item-205 \"><a class=\"category-nav-link\" href=\"https:\/\/ultimatebeauty.ee\/ru\/tootekategooria\/%d0%bc%d0%b5%d0%bb%d0%b0%d1%82%d0%be%d0%bd%d0%b8%d0%bd\/\" ><span class=\"nav-link-summary\"><span class=\"nav-link-text\">\u041c\u0435\u043b\u0430\u0442\u043e\u043d\u0438\u043d<\/span><\/span><\/a>\n<\/li>\n\t<li class=\"cat-item cat-item-203 \"><a class=\"category-nav-link\" href=\"https:\/\/ultimatebeauty.ee\/ru\/tootekategooria\/%d1%86%d0%b8%d0%bd%d0%ba\/\" ><span class=\"nav-link-summary\"><span class=\"nav-link-text\">\u0426\u0438\u043d\u043a<\/span><\/span><\/a>\n<\/li>\n\t<li class=\"cat-item cat-item-211 \"><a class=\"category-nav-link\" href=\"https:\/\/ultimatebeauty.ee\/ru\/tootekategooria\/%d1%8d%d0%bb%d0%b0%d1%81%d1%82%d0%b8%d0%bd\/\" ><span class=\"nav-link-summary\"><span class=\"nav-link-text\">\u042d\u043b\u0430\u0441\u0442\u0438\u043d<\/span><\/span><\/a>\n<\/li>\n\t\t\t\t\t\t\t<\/ul>\n\t\t\t\t\t\t<\/div>\n\t\t\t\t<\/div>\n\t\t\t\t\t<\/div>\n\t\t<\/div>\n\t\t\t\t\t<\/div>\n\t\t<\/section>\n\t\t\t\t<\/div>\n\t\t","protected":false},"excerpt":{"rendered":"<p>\u0410\u043a\u0442\u0438\u0432\u043d\u044b\u0435 \u0432\u0435\u0449\u0435\u0441\u0442\u0432\u0430 All products Elastiin H\u00fcaluroonhape Kaltsium Keratiin Koens\u00fc\u00fcm Q10 Kollageen Kurkum Liposoomne tehnoloogia Magneesium Melaniin Melatoniin Raud Tsink Vaarika<\/p>\n","protected":false},"author":1070,"featured_media":0,"parent":0,"menu_order":3,"comment_status":"closed","ping_status":"closed","template":"","meta":{"_acf_changed":false,"footnotes":""},"class_list":["post-36822","page","type-page","status-publish","hentry"],"acf":[],"_links":{"self":[{"href":"https:\/\/ultimatebeauty.ee\/ru\/wp-json\/wp\/v2\/pages\/36822","targetHints":{"allow":["GET"]}}],"collection":[{"href":"https:\/\/ultimatebeauty.ee\/ru\/wp-json\/wp\/v2\/pages"}],"about":[{"href":"https:\/\/ultimatebeauty.ee\/ru\/wp-json\/wp\/v2\/types\/page"}],"author":[{"embeddable":true,"href":"https:\/\/ultimatebeauty.ee\/ru\/wp-json\/wp\/v2\/users\/1070"}],"replies":[{"embeddable":true,"href":"https:\/\/ultimatebeauty.ee\/ru\/wp-json\/wp\/v2\/comments?post=36822"}],"version-history":[{"count":0,"href":"https:\/\/ultimatebeauty.ee\/ru\/wp-json\/wp\/v2\/pages\/36822\/revisions"}],"wp:attachment":[{"href":"https:\/\/ultimatebeauty.ee\/ru\/wp-json\/wp\/v2\/media?parent=36822"}],"curies":[{"name":"wp","href":"https:\/\/api.w.org\/{rel}","templated":true}]}}